{"id":968,"date":"2025-11-14T06:29:45","date_gmt":"2025-11-14T06:29:45","guid":{"rendered":"https:\/\/spurs.tarramesta.fi\/?post_type=product&#038;p=968"},"modified":"2026-01-19T16:04:26","modified_gmt":"2026-01-19T16:04:26","slug":"muki-mango","status":"publish","type":"product","link":"https:\/\/spurs.tarramesta.fi\/index.php\/tuote\/muki-mango\/","title":{"rendered":"Muki Mango"},"content":{"rendered":"<p>Erityinen 350 ml:n keraaminen muki.<br \/>\nSis\u00e4puoli ja kahva v\u00e4rilliset.<\/p>\n<p>Ei suositella pest\u00e4v\u00e4ksi astianpesukoneessa.<\/p>\n","protected":false},"excerpt":{"rendered":"<p>Erityinen 350 ml:n keraaminen muki. Sis\u00e4puoli ja kahva v\u00e4rilliset. Ei suositella pest\u00e4v\u00e4ksi astianpesukoneessa.<\/p>\n","protected":false},"featured_media":969,"template":"","meta":[],"product_brand":[],"product_cat":[18],"product_tag":[],"class_list":{"0":"post-968","1":"product","2":"type-product","3":"status-publish","4":"has-post-thumbnail","6":"product_cat-yleinen","7":"product_shipping_class-postipaketti","9":"first","10":"instock","11":"taxable","12":"shipping-taxable","13":"purchasable","14":"product-type-variable","15":"has-default-attributes"},"jetpack_sharing_enabled":true,"_links":{"self":[{"href":"https:\/\/spurs.tarramesta.fi\/index.php\/wp-json\/wp\/v2\/product\/968","targetHints":{"allow":["GET"]}}],"collection":[{"href":"https:\/\/spurs.tarramesta.fi\/index.php\/wp-json\/wp\/v2\/product"}],"about":[{"href":"https:\/\/spurs.tarramesta.fi\/index.php\/wp-json\/wp\/v2\/types\/product"}],"wp:featuredmedia":[{"embeddable":true,"href":"https:\/\/spurs.tarramesta.fi\/index.php\/wp-json\/wp\/v2\/media\/969"}],"wp:attachment":[{"href":"https:\/\/spurs.tarramesta.fi\/index.php\/wp-json\/wp\/v2\/media?parent=968"}],"wp:term":[{"taxonomy":"product_brand","embeddable":true,"href":"https:\/\/spurs.tarramesta.fi\/index.php\/wp-json\/wp\/v2\/product_brand?post=968"},{"taxonomy":"product_cat","embeddable":true,"href":"https:\/\/spurs.tarramesta.fi\/index.php\/wp-json\/wp\/v2\/product_cat?post=968"},{"taxonomy":"product_tag","embeddable":true,"href":"https:\/\/spurs.tarramesta.fi\/index.php\/wp-json\/wp\/v2\/product_tag?post=968"}],"curies":[{"name":"wp","href":"https:\/\/api.w.org\/{rel}","templated":true}]}}