{"id":952,"date":"2025-11-13T13:44:21","date_gmt":"2025-11-13T13:44:21","guid":{"rendered":"https:\/\/spurs.tarramesta.fi\/?post_type=product&#038;p=952"},"modified":"2026-01-19T16:04:50","modified_gmt":"2026-01-19T16:04:50","slug":"pikeepaita-prince","status":"publish","type":"product","link":"https:\/\/spurs.tarramesta.fi\/index.php\/tuote\/pikeepaita-prince\/","title":{"rendered":"Pikeepaita Prince"},"content":{"rendered":"<p>Lyhythihainen poolopaita OCS-sertifioitua luomupuuvillaa.<br \/>\n1\u00d71-ripattu kaulus ja hihansuut.<br \/>\n2-nappilista.<br \/>\nVahvistetut, peitetyt saumat kauluksessa.<br \/>\nSivuhalkiot helmassa. Lis\u00e4varusteena tasku.<\/p>\n<p class=\"composition-text\" data-v-0dde63d0=\"\"><strong>Materiaali:<\/strong><br \/>\n100 % luomupuuvillaa, 210 g\/m\u00b2.<br \/>\nMeleeratun harmaan s\u00e4vy 58: 85 % luomupuuvillaa ja 15 % viskoosia.<\/p>\n<p class=\"observation-text\" data-v-0dde63d0=\"\">* Irrotettava tarra.<br \/>\n* Duo-konsepti.<br \/>\n* OCS-luomukangas.<\/p>\n<p><img decoding=\"async\" class=\"mr-1 grey\" title=\"Pesu max 40 astetta\" src=\"https:\/\/static.gorfactory.es\/images\/icons\/20221116171353_Lavar-40-max.png\" alt=\"Pesu max 40 astetta\" width=\"40\" height=\"40\" data-v-6089ed0a=\"\" data-v-0dde63d0=\"\" \/><img decoding=\"async\" class=\"mr-1 grey\" title=\"\u00c4l\u00e4 valkaise\" src=\"https:\/\/static.gorfactory.es\/images\/icons\/20220914110315_No%20usar%20blanqueador.png\" alt=\"\u00c4l\u00e4 valkaise\" width=\"40\" height=\"40\" data-v-6089ed0a=\"\" data-v-0dde63d0=\"\" \/><img decoding=\"async\" class=\"mr-1 grey\" title=\"Ei rumpukuivausta\" src=\"https:\/\/static.gorfactory.es\/images\/icons\/20220914110302_No%20secar%20en%20secadora.png\" alt=\"Ei rumpukuivausta\" width=\"40\" height=\"40\" data-v-6089ed0a=\"\" data-v-0dde63d0=\"\" \/><img loading=\"lazy\" decoding=\"async\" class=\"mr-1 grey\" title=\"Silitys keskil\u00e4mm\u00f6ll\u00e4 (enint\u00e4\u00e4n 150\u00ba)\" src=\"https:\/\/static.gorfactory.es\/images\/icons\/20221110105823_Planchar-Max%20150.png\" alt=\"Silitys keskil\u00e4mm\u00f6ll\u00e4 (enint\u00e4\u00e4n 150\u00ba)\" width=\"40\" height=\"40\" data-v-6089ed0a=\"\" data-v-0dde63d0=\"\" \/><img loading=\"lazy\" decoding=\"async\" class=\"mr-1 grey\" title=\"Ei saa kuivapest\u00e4\" src=\"https:\/\/static.gorfactory.es\/images\/icons\/20220914110151_No%20lavar%20en%20seco.png\" alt=\"Ei saa kuivapest\u00e4\" width=\"40\" height=\"40\" data-v-6089ed0a=\"\" data-v-0dde63d0=\"\" \/><\/p>\n<table id=\"size_chart\" class=\"table table-responsive\" width=\"203\" cellspacing=\"0\" cellpadding=\"0\">\n<tbody>\n<tr>\n<th>Koko<\/th>\n<th><img decoding=\"async\" src=\"https:\/\/wordans-a1a5.kxcdn.com\/images\/wordans2010\/length.png\" alt=\"Length\" \/>\u00a0<label id=\"lengthLabel\">Pituus<\/label><\/th>\n<th><img decoding=\"async\" src=\"https:\/\/wordans-a1a5.kxcdn.com\/images\/wordans2010\/width.png\" alt=\"Width\" \/>\u00a0<label id=\"widthLabel\">Leveys<\/label><\/th>\n<\/tr>\n<tr>\n<td>S<\/td>\n<td>70<\/td>\n<td>51<\/td>\n<\/tr>\n<tr>\n<td>M<\/td>\n<td>72<\/td>\n<td>54<\/td>\n<\/tr>\n<tr>\n<td>L<\/td>\n<td>74<\/td>\n<td>57<\/td>\n<\/tr>\n<tr>\n<td>XL<\/td>\n<td>76<\/td>\n<td>60<\/td>\n<\/tr>\n<tr>\n<td>XXL<\/td>\n<td>79<\/td>\n<td>64<\/td>\n<\/tr>\n<tr>\n<td>3XL<\/td>\n<td>82<\/td>\n<td>67<\/td>\n<\/tr>\n<\/tbody>\n<\/table>\n","protected":false},"excerpt":{"rendered":"<p>Lyhythihainen poolopaita OCS-sertifioitua luomupuuvillaa. 1\u00d71-ripattu kaulus ja hihansuut. 2-nappilista. Vahvistetut, peitetyt saumat kauluksessa. Sivuhalkiot helmassa. Lis\u00e4varusteena tasku. Materiaali: 100 % luomupuuvillaa, 210 g\/m\u00b2. Meleeratun harmaan s\u00e4vy 58: 85 % luomupuuvillaa ja 15 % viskoosia. * Irrotettava tarra. * Duo-konsepti. * OCS-luomukangas. Koko \u00a0Pituus \u00a0Leveys S 70 51 M 72 54 L 74 57 XL 76 [&hellip;]<\/p>\n","protected":false},"featured_media":953,"template":"","meta":[],"product_brand":[],"product_cat":[21],"product_tag":[],"class_list":{"0":"post-952","1":"product","2":"type-product","3":"status-publish","4":"has-post-thumbnail","6":"product_cat-kauppa","7":"product_shipping_class-postipaketti","9":"first","10":"instock","11":"taxable","12":"shipping-taxable","13":"purchasable","14":"product-type-variable","15":"has-default-attributes"},"jetpack_sharing_enabled":true,"_links":{"self":[{"href":"https:\/\/spurs.tarramesta.fi\/index.php\/wp-json\/wp\/v2\/product\/952","targetHints":{"allow":["GET"]}}],"collection":[{"href":"https:\/\/spurs.tarramesta.fi\/index.php\/wp-json\/wp\/v2\/product"}],"about":[{"href":"https:\/\/spurs.tarramesta.fi\/index.php\/wp-json\/wp\/v2\/types\/product"}],"wp:featuredmedia":[{"embeddable":true,"href":"https:\/\/spurs.tarramesta.fi\/index.php\/wp-json\/wp\/v2\/media\/953"}],"wp:attachment":[{"href":"https:\/\/spurs.tarramesta.fi\/index.php\/wp-json\/wp\/v2\/media?parent=952"}],"wp:term":[{"taxonomy":"product_brand","embeddable":true,"href":"https:\/\/spurs.tarramesta.fi\/index.php\/wp-json\/wp\/v2\/product_brand?post=952"},{"taxonomy":"product_cat","embeddable":true,"href":"https:\/\/spurs.tarramesta.fi\/index.php\/wp-json\/wp\/v2\/product_cat?post=952"},{"taxonomy":"product_tag","embeddable":true,"href":"https:\/\/spurs.tarramesta.fi\/index.php\/wp-json\/wp\/v2\/product_tag?post=952"}],"curies":[{"name":"wp","href":"https:\/\/api.w.org\/{rel}","templated":true}]}}